{"id":72,"date":"2022-12-21T08:35:31","date_gmt":"2022-12-21T08:35:31","guid":{"rendered":"https:\/\/supremecourt.qodeinteractive.com\/?page_id=72"},"modified":"2025-01-16T18:33:59","modified_gmt":"2025-01-16T17:33:59","slug":"about-us","status":"publish","type":"page","link":"https:\/\/avocatrabat.com\/en\/about-us\/","title":{"rendered":"about us"},"content":{"rendered":"<div data-elementor-type=\"wp-page\" data-elementor-id=\"72\" class=\"elementor elementor-72\" data-elementor-post-type=\"page\">\n\t\t\t\t<div class=\"elementor-element elementor-element-906b4ee e-con-full e-flex e-con e-parent\" data-id=\"906b4ee\" data-element_type=\"container\">\n\t\t\t\t<div class=\"elementor-element elementor-element-a2d66eb elementor-widget elementor-widget-image\" data-id=\"a2d66eb\" data-element_type=\"widget\" data-widget_type=\"image.default\">\n\t\t\t\t<div class=\"elementor-widget-container\">\n\t\t\t\t\t\t\t\t\t\t\t\t\t\t\t<img fetchpriority=\"high\" decoding=\"async\" width=\"1921\" height=\"809\" src=\"https:\/\/avocatrabat.com\/wp-content\/uploads\/2024\/04\/avocat-rabat-about-banner.jpg\" class=\"attachment-full size-full wp-image-6366\" alt=\"\" srcset=\"https:\/\/avocatrabat.com\/wp-content\/uploads\/2024\/04\/avocat-rabat-about-banner.jpg 1921w, https:\/\/avocatrabat.com\/wp-content\/uploads\/2024\/04\/avocat-rabat-about-banner-300x126.jpg 300w, https:\/\/avocatrabat.com\/wp-content\/uploads\/2024\/04\/avocat-rabat-about-banner-1024x431.jpg 1024w, https:\/\/avocatrabat.com\/wp-content\/uploads\/2024\/04\/avocat-rabat-about-banner-768x323.jpg 768w, https:\/\/avocatrabat.com\/wp-content\/uploads\/2024\/04\/avocat-rabat-about-banner-1536x647.jpg 1536w\" sizes=\"(max-width: 1921px) 100vw, 1921px\" \/>\t\t\t\t\t\t\t\t\t\t\t\t\t\t\t<\/div>\n\t\t\t\t<\/div>\n\t\t\t\t<\/div>\n\t\t<div class=\"elementor-element elementor-element-1b3f01f e-flex e-con-boxed e-con e-parent\" data-id=\"1b3f01f\" data-element_type=\"container\">\n\t\t\t\t\t<div class=\"e-con-inner\">\n\t\t\t\t<div class=\"elementor-element elementor-element-cc96da9 center-title-before-after elementor-widget elementor-widget-heading\" data-id=\"cc96da9\" data-element_type=\"widget\" data-widget_type=\"heading.default\">\n\t\t\t\t<div class=\"elementor-widget-container\">\n\t\t\t\t\t<h1 class=\"elementor-heading-title elementor-size-default\">About us<\/h1>\t\t\t\t<\/div>\n\t\t\t\t<\/div>\n\t\t\t\t<div class=\"elementor-element elementor-element-0b86340 elementor-widget__width-inherit elementor-widget elementor-widget-text-editor\" data-id=\"0b86340\" data-element_type=\"widget\" data-widget_type=\"text-editor.default\">\n\t\t\t\t<div class=\"elementor-widget-container\">\n\t\t\t\t\t\t\t\t\t<p>The Mohamed TAHIRI law firm, located in the heart of Rabat, advises and litigates clients in a wide range of legal specialties.<\/p>\t\t\t\t\t\t\t\t<\/div>\n\t\t\t\t<\/div>\n\t\t\t\t<div class=\"elementor-element elementor-element-a36cccf elementor-widget__width-inherit elementor-widget elementor-widget-text-editor\" data-id=\"a36cccf\" data-element_type=\"widget\" data-widget_type=\"text-editor.default\">\n\t\t\t\t<div class=\"elementor-widget-container\">\n\t\t\t\t\t\t\t\t\t<p>The firm's values are the strong link that binds it to its customers: Availability, Thoroughness,<br \/>Excellence, Passion for Law, Creativity &amp; Humanity.<\/p>\t\t\t\t\t\t\t\t<\/div>\n\t\t\t\t<\/div>\n\t\t\t\t\t<\/div>\n\t\t\t\t<\/div>\n\t\t\t\t<section class=\"elementor-section elementor-top-section elementor-element elementor-element-733a105 elementor-section-height-min-height elementor-section-boxed elementor-section-height-default elementor-section-items-middle\" data-id=\"733a105\" data-element_type=\"section\" data-settings=\"{&quot;background_background&quot;:&quot;classic&quot;}\">\n\t\t\t\t\t\t<div class=\"elementor-container elementor-column-gap-default\">\n\t\t\t\t\t<div class=\"elementor-column elementor-col-100 elementor-top-column elementor-element elementor-element-76a02ed\" data-id=\"76a02ed\" data-element_type=\"column\">\n\t\t\t<div class=\"elementor-widget-wrap elementor-element-populated\">\n\t\t\t\t\t\t<div class=\"elementor-element elementor-element-5f3a512 elementor-widget elementor-widget-heading\" data-id=\"5f3a512\" data-element_type=\"widget\" data-widget_type=\"heading.default\">\n\t\t\t\t<div class=\"elementor-widget-container\">\n\t\t\t\t\t<h2 class=\"elementor-heading-title elementor-size-default\">Your peace of mind starts here!<\/h2>\t\t\t\t<\/div>\n\t\t\t\t<\/div>\n\t\t\t\t<div class=\"elementor-element elementor-element-a857a88 elementor-widget__width-initial elementor-widget elementor-widget-text-editor\" data-id=\"a857a88\" data-element_type=\"widget\" data-widget_type=\"text-editor.default\">\n\t\t\t\t<div class=\"elementor-widget-container\">\n\t\t\t\t\t\t\t\t\t<p>Book your legal advice in our office or remotely to ask us your questions and receive our advice and guidance.<\/p>\t\t\t\t\t\t\t\t<\/div>\n\t\t\t\t<\/div>\n\t\t\t\t<div class=\"elementor-element elementor-element-c053e4b elementor-widget elementor-widget-button\" data-id=\"c053e4b\" data-element_type=\"widget\" data-widget_type=\"button.default\">\n\t\t\t\t<div class=\"elementor-widget-container\">\n\t\t\t\t\t\t\t\t\t<div class=\"elementor-button-wrapper\">\n\t\t\t\t\t<a class=\"elementor-button elementor-button-link elementor-size-sm\" href=\"mailto:maitretahiri@gmail.com,tahiri.avocats@gmail.com\">\n\t\t\t\t\t\t<span class=\"elementor-button-content-wrapper\">\n\t\t\t\t\t\t<span class=\"elementor-button-icon\">\n\t\t\t\t<svg aria-hidden=\"true\" class=\"e-font-icon-svg e-fas-arrow-right\" viewbox=\"0 0 448 512\" xmlns=\"http:\/\/www.w3.org\/2000\/svg\"><path d=\"M190.5 66.9l22.2-22.2c9.4-9.4 24.6-9.4 33.9 0L441 239c9.4 9.4 9.4 24.6 0 33.9L246.6 467.3c-9.4 9.4-24.6 9.4-33.9 0l-22.2-22.2c-9.5-9.5-9.3-25 .4-34.3L311.4 296H24c-13.3 0-24-10.7-24-24v-32c0-13.3 10.7-24 24-24h287.4L190.9 101.2c-9.8-9.3-10-24.8-.4-34.3z\"><\/path><\/svg>\t\t\t<\/span>\n\t\t\t\t\t\t\t\t\t<span class=\"elementor-button-text\">Request a consultation <\/span>\n\t\t\t\t\t<\/span>\n\t\t\t\t\t<\/a>\n\t\t\t\t<\/div>\n\t\t\t\t\t\t\t\t<\/div>\n\t\t\t\t<\/div>\n\t\t\t\t\t<\/div>\n\t\t<\/div>\n\t\t\t\t\t<\/div>\n\t\t<\/section>\n\t\t<div class=\"elementor-element elementor-element-bda5d9a post-article e-flex e-con-boxed e-con e-parent\" data-id=\"bda5d9a\" data-element_type=\"container\" data-settings=\"{&quot;background_background&quot;:&quot;classic&quot;}\">\n\t\t\t\t\t<div class=\"e-con-inner\">\n\t\t<div class=\"elementor-element elementor-element-71943fb e-con-full e-flex e-con e-child\" data-id=\"71943fb\" data-element_type=\"container\" data-settings=\"{&quot;background_background&quot;:&quot;classic&quot;}\">\n\t\t\t\t<div class=\"elementor-element elementor-element-22bf65d center-title-before-after elementor-widget elementor-widget-heading\" data-id=\"22bf65d\" data-element_type=\"widget\" data-widget_type=\"heading.default\">\n\t\t\t\t<div class=\"elementor-widget-container\">\n\t\t\t\t\t<h2 class=\"elementor-heading-title elementor-size-default\">Case law &amp; news <\/h2>\t\t\t\t<\/div>\n\t\t\t\t<\/div>\n\t\t\t\t<div class=\"elementor-element elementor-element-a7d7dde elementor-widget elementor-widget-text-editor\" data-id=\"a7d7dde\" data-element_type=\"widget\" data-widget_type=\"text-editor.default\">\n\t\t\t\t<div class=\"elementor-widget-container\">\n\t\t\t\t\t\t\t\t\t<p>Cabinet maitre mohamed tahiri - lawyer at the rabat bar<\/p>\t\t\t\t\t\t\t\t<\/div>\n\t\t\t\t<\/div>\n\t\t\t\t<\/div>\n\t\t<div class=\"elementor-element elementor-element-c955e09 e-con-full e-flex e-con e-child\" data-id=\"c955e09\" data-element_type=\"container\">\n\t\t\t\t<div class=\"elementor-element elementor-element-2880028 elementor-grid-3 elementor-grid-tablet-2 elementor-grid-mobile-1 elementor-posts--thumbnail-top elementor-card-shadow-yes elementor-posts__hover-gradient elementor-widget elementor-widget-posts\" data-id=\"2880028\" data-element_type=\"widget\" data-settings=\"{&quot;cards_columns&quot;:&quot;3&quot;,&quot;cards_columns_tablet&quot;:&quot;2&quot;,&quot;cards_columns_mobile&quot;:&quot;1&quot;,&quot;cards_row_gap&quot;:{&quot;unit&quot;:&quot;px&quot;,&quot;size&quot;:35,&quot;sizes&quot;:[]},&quot;cards_row_gap_tablet&quot;:{&quot;unit&quot;:&quot;px&quot;,&quot;size&quot;:&quot;&quot;,&quot;sizes&quot;:[]},&quot;cards_row_gap_mobile&quot;:{&quot;unit&quot;:&quot;px&quot;,&quot;size&quot;:&quot;&quot;,&quot;sizes&quot;:[]}}\" data-widget_type=\"posts.cards\">\n\t\t\t\t<div class=\"elementor-widget-container\">\n\t\t\t\t\t\t\t<div class=\"elementor-posts-container elementor-posts elementor-posts--skin-cards elementor-grid\" role=\"list\">\n\t\t\t\t<article class=\"elementor-post elementor-grid-item post-6650 post type-post status-publish format-standard has-post-thumbnail hentry category-juridique\" role=\"listitem\">\n\t\t\t<div class=\"elementor-post__card\">\n\t\t\t\t<a class=\"elementor-post__thumbnail__link\" href=\"https:\/\/avocatrabat.com\/en\/unfair-dismissal-how-to-calculate-severance-pay\/\" tabindex=\"-1\" ><div class=\"elementor-post__thumbnail\"><img decoding=\"async\" width=\"800\" height=\"511\" src=\"https:\/\/avocatrabat.com\/wp-content\/uploads\/2023\/01\/avocat-rabat-expertises-defense-en-droit-penal.jpg\" class=\"attachment-large size-large wp-image-6542\" alt=\"\" srcset=\"https:\/\/avocatrabat.com\/wp-content\/uploads\/2023\/01\/avocat-rabat-expertises-defense-en-droit-penal.jpg 861w, https:\/\/avocatrabat.com\/wp-content\/uploads\/2023\/01\/avocat-rabat-expertises-defense-en-droit-penal-300x192.jpg 300w, https:\/\/avocatrabat.com\/wp-content\/uploads\/2023\/01\/avocat-rabat-expertises-defense-en-droit-penal-768x491.jpg 768w\" sizes=\"(max-width: 800px) 100vw, 800px\" \/><\/div><\/a>\n\t\t\t\t<div class=\"elementor-post__badge\">Legal<\/div>\n\t\t\t\t<div class=\"elementor-post__text\">\n\t\t\t\t<h2 class=\"elementor-post__title\">\n\t\t\t<a href=\"https:\/\/avocatrabat.com\/en\/unfair-dismissal-how-to-calculate-severance-pay\/\" >\n\t\t\t\tWrongful dismissal: how is redundancy pay calculated?\t\t\t<\/a>\n\t\t<\/h2>\n\t\t\t\t<div class=\"elementor-post__excerpt\">\n\t\t\t<p>Redundancy is a delicate resolution, likely to have significant repercussions on both the professional and personal levels of the individual concerned. Within the legislative framework<\/p>\n\t\t<\/div>\n\t\t\t\t<\/div>\n\t\t\t\t\t<\/div>\n\t\t<\/article>\n\t\t\t\t<article class=\"elementor-post elementor-grid-item post-6767 post type-post status-publish format-standard has-post-thumbnail hentry category-juridique\" role=\"listitem\">\n\t\t\t<div class=\"elementor-post__card\">\n\t\t\t\t<a class=\"elementor-post__thumbnail__link\" href=\"https:\/\/avocatrabat.com\/en\/divorce-for-discord\/\" tabindex=\"-1\" ><div class=\"elementor-post__thumbnail\"><img decoding=\"async\" width=\"800\" height=\"511\" src=\"https:\/\/avocatrabat.com\/wp-content\/uploads\/2023\/01\/avocat-rabat-expertises-droit-du-travail-et-social.jpg\" class=\"attachment-large size-large wp-image-6543\" alt=\"\" srcset=\"https:\/\/avocatrabat.com\/wp-content\/uploads\/2023\/01\/avocat-rabat-expertises-droit-du-travail-et-social.jpg 861w, https:\/\/avocatrabat.com\/wp-content\/uploads\/2023\/01\/avocat-rabat-expertises-droit-du-travail-et-social-300x192.jpg 300w, https:\/\/avocatrabat.com\/wp-content\/uploads\/2023\/01\/avocat-rabat-expertises-droit-du-travail-et-social-768x491.jpg 768w\" sizes=\"(max-width: 800px) 100vw, 800px\" \/><\/div><\/a>\n\t\t\t\t<div class=\"elementor-post__badge\">Legal<\/div>\n\t\t\t\t<div class=\"elementor-post__text\">\n\t\t\t\t<h2 class=\"elementor-post__title\">\n\t\t\t<a href=\"https:\/\/avocatrabat.com\/en\/divorce-for-discord\/\" >\n\t\t\t\tDivorce for discord\t\t\t<\/a>\n\t\t<\/h2>\n\t\t\t\t<div class=\"elementor-post__excerpt\">\n\t\t\t<p>Couples frequently find it impossible to maintain a harmonious life together, or one of the spouses wishes to dissolve the matrimonial bond by<\/p>\n\t\t<\/div>\n\t\t\t\t<\/div>\n\t\t\t\t\t<\/div>\n\t\t<\/article>\n\t\t\t\t<article class=\"elementor-post elementor-grid-item post-6769 post type-post status-publish format-standard has-post-thumbnail hentry category-juridique\" role=\"listitem\">\n\t\t\t<div class=\"elementor-post__card\">\n\t\t\t\t<a class=\"elementor-post__thumbnail__link\" href=\"https:\/\/avocatrabat.com\/en\/divorce-by-mutual-consent\/\" tabindex=\"-1\" ><div class=\"elementor-post__thumbnail\"><img loading=\"lazy\" decoding=\"async\" width=\"800\" height=\"511\" src=\"https:\/\/avocatrabat.com\/wp-content\/uploads\/2023\/01\/avocat-rabat-expertises-pic-01.jpg\" class=\"attachment-large size-large wp-image-6540\" alt=\"\" srcset=\"https:\/\/avocatrabat.com\/wp-content\/uploads\/2023\/01\/avocat-rabat-expertises-pic-01.jpg 861w, https:\/\/avocatrabat.com\/wp-content\/uploads\/2023\/01\/avocat-rabat-expertises-pic-01-300x192.jpg 300w, https:\/\/avocatrabat.com\/wp-content\/uploads\/2023\/01\/avocat-rabat-expertises-pic-01-768x491.jpg 768w\" sizes=\"(max-width: 800px) 100vw, 800px\" \/><\/div><\/a>\n\t\t\t\t<div class=\"elementor-post__badge\">Legal<\/div>\n\t\t\t\t<div class=\"elementor-post__text\">\n\t\t\t\t<h2 class=\"elementor-post__title\">\n\t\t\t<a href=\"https:\/\/avocatrabat.com\/en\/divorce-by-mutual-consent\/\" >\n\t\t\t\tDivorce by mutual consent\t\t\t<\/a>\n\t\t<\/h2>\n\t\t\t\t<div class=\"elementor-post__excerpt\">\n\t\t\t<p>In a divorce by mutual consent, the two spouses reach an agreement on all aspects of their separation, including the dissolution of the marriage.<\/p>\n\t\t<\/div>\n\t\t\t\t<\/div>\n\t\t\t\t\t<\/div>\n\t\t<\/article>\n\t\t\t\t<\/div>\n\t\t\n\t\t\t\t\t\t<\/div>\n\t\t\t\t<\/div>\n\t\t\t\t<\/div>\n\t\t\t\t\t<\/div>\n\t\t\t\t<\/div>\n\t\t\t\t<\/div>","protected":false},"excerpt":{"rendered":"<p>A propos Le Cabinet Mohamed TAHIRI, situ\u00e9 au plein coeur de Rabat, accompagne ses clients, en conseil et en contentieux, dans un large \u00e9ventail de sp\u00e9cialit\u00e9s du droit. Les valeurs du Cabinet sont le lien solide qui l\u2019associe \u00e0 ses clients : Disponibilit\u00e9, Rigueur,Excellence, Passion du droit, Cr\u00e9ativit\u00e9 &amp; Humanit\u00e9. Votre tranquillit\u00e9 d&rsquo;esprit commence ici [&hellip;]<\/p>","protected":false},"author":1,"featured_media":0,"parent":0,"menu_order":0,"comment_status":"closed","ping_status":"closed","template":"","meta":{"footnotes":""},"class_list":["post-72","page","type-page","status-publish","hentry"],"_links":{"self":[{"href":"https:\/\/avocatrabat.com\/en\/wp-json\/wp\/v2\/pages\/72","targetHints":{"allow":["GET"]}}],"collection":[{"href":"https:\/\/avocatrabat.com\/en\/wp-json\/wp\/v2\/pages"}],"about":[{"href":"https:\/\/avocatrabat.com\/en\/wp-json\/wp\/v2\/types\/page"}],"author":[{"embeddable":true,"href":"https:\/\/avocatrabat.com\/en\/wp-json\/wp\/v2\/users\/1"}],"replies":[{"embeddable":true,"href":"https:\/\/avocatrabat.com\/en\/wp-json\/wp\/v2\/comments?post=72"}],"version-history":[{"count":240,"href":"https:\/\/avocatrabat.com\/en\/wp-json\/wp\/v2\/pages\/72\/revisions"}],"predecessor-version":[{"id":7595,"href":"https:\/\/avocatrabat.com\/en\/wp-json\/wp\/v2\/pages\/72\/revisions\/7595"}],"wp:attachment":[{"href":"https:\/\/avocatrabat.com\/en\/wp-json\/wp\/v2\/media?parent=72"}],"curies":[{"name":"wp","href":"https:\/\/api.w.org\/{rel}","templated":true}]}}